{"id":18,"date":"2024-10-22T14:43:08","date_gmt":"2024-10-22T14:43:08","guid":{"rendered":"https:\/\/wgluftmatt.ch\/?page_id=18"},"modified":"2025-05-13T15:29:06","modified_gmt":"2025-05-13T15:29:06","slug":"willkommen-bei-der-wgl","status":"publish","type":"page","link":"https:\/\/wgluftmatt.ch\/","title":{"rendered":"Willkommen bei der WGL"},"content":{"rendered":"\n<p>Die Wohngenossenschaft Luftmatt verfolgt das Ziel, durch die Teilhabe und Mitverantwortung der Mitglieder g\u00fcnstigen Wohnraum zu schaffen und zu erhalten. Das Zusammenleben ist von gegenseitiger R\u00fccksichtnahme gepr\u00e4gt, und die Aufgaben werden m\u00f6glichst unter den Mitgliedern aufgeteilt.\u00a0<br><br>Die Genossenschaft befindet sich im Gellertquartier in Basel, nur wenige Gehminuten vom Bahnhof und vom Stadtzentrum entfernt. Die Tramlinien 14 und 15 sind ebenfalls in kurzer Zeit zu Fu\u00df erreichbar. In unmittelbarer N\u00e4he befinden sich ein Kindergarten sowie die Primar- und Oberstufe, einschlie\u00dflich der Fachmittelschule und des Wirtschaftsgymnasiums. Dar\u00fcber hinaus bietet das Quartier in Gehdistanz gute Einkaufsm\u00f6glichkeiten, Apotheken und Caf\u00e9s.<br><br>Die \u00abLuftmatt\u00bb verf\u00fcgt \u00fcber sieben Liegenschaften mit 3- und 4-Zimmer-Wohnungen, die an Familien ab zwei Personen vermietet werden. Zus\u00e4tzlich sind in jeder Liegenschaft Mansardenzimmer und Garagen vorhanden, die je nach Verf\u00fcgbarkeit dazu gemietet werden k\u00f6nnen. Die Wohngenossenschaft bietet zudem einen wundersch\u00f6nen Innenhof mit Garten, der mit Spielger\u00e4ten und einem Sandkasten ausgestattet ist und Platz zum Grillieren bietet.<\/p>\n\n\n\n<p><\/p>\n","protected":false},"excerpt":{"rendered":"<p>Die Wohngenossenschaft Luftmatt verfolgt das Ziel, durch die Teilhabe und Mitverantwortung der Mitglieder g\u00fcnstigen Wohnraum zu schaffen und zu erhalten. Das Zusammenleben ist von gegenseitiger R\u00fccksichtnahme gepr\u00e4gt, und die Aufgaben werden m\u00f6glichst unter den Mitgliedern aufgeteilt.\u00a0 Die Genossenschaft befindet sich im Gellertquartier in Basel, nur wenige Gehminuten vom Bahnhof und vom Stadtzentrum entfernt. Die Tramlinien [&hellip;]<\/p>\n","protected":false},"author":1,"featured_media":29,"parent":0,"menu_order":0,"comment_status":"closed","ping_status":"closed","template":"","meta":{"footnotes":""},"class_list":["post-18","page","type-page","status-publish","has-post-thumbnail","hentry","post-preview"],"_links":{"self":[{"href":"https:\/\/wgluftmatt.ch\/index.php?rest_route=\/wp\/v2\/pages\/18","targetHints":{"allow":["GET"]}}],"collection":[{"href":"https:\/\/wgluftmatt.ch\/index.php?rest_route=\/wp\/v2\/pages"}],"about":[{"href":"https:\/\/wgluftmatt.ch\/index.php?rest_route=\/wp\/v2\/types\/page"}],"author":[{"embeddable":true,"href":"https:\/\/wgluftmatt.ch\/index.php?rest_route=\/wp\/v2\/users\/1"}],"replies":[{"embeddable":true,"href":"https:\/\/wgluftmatt.ch\/index.php?rest_route=%2Fwp%2Fv2%2Fcomments&post=18"}],"version-history":[{"count":4,"href":"https:\/\/wgluftmatt.ch\/index.php?rest_route=\/wp\/v2\/pages\/18\/revisions"}],"predecessor-version":[{"id":100,"href":"https:\/\/wgluftmatt.ch\/index.php?rest_route=\/wp\/v2\/pages\/18\/revisions\/100"}],"wp:featuredmedia":[{"embeddable":true,"href":"https:\/\/wgluftmatt.ch\/index.php?rest_route=\/wp\/v2\/media\/29"}],"wp:attachment":[{"href":"https:\/\/wgluftmatt.ch\/index.php?rest_route=%2Fwp%2Fv2%2Fmedia&parent=18"}],"curies":[{"name":"wp","href":"https:\/\/api.w.org\/{rel}","templated":true}]}}